{"id":166,"date":"2026-01-03T09:22:03","date_gmt":"2026-01-03T09:22:03","guid":{"rendered":"https:\/\/vesteraagaard.dk\/?page_id=166"},"modified":"2026-01-03T09:58:25","modified_gmt":"2026-01-03T09:58:25","slug":"elementor-166","status":"publish","type":"page","link":"https:\/\/vesteraagaard.dk\/","title":{"rendered":"Vester\u00e5g\u00e5rd"},"content":{"rendered":"\t\t<div data-elementor-type=\"wp-page\" data-elementor-id=\"166\" class=\"elementor elementor-166\" data-elementor-post-type=\"page\">\n\t\t\t\t\t\t<section class=\"elementor-section elementor-top-section elementor-element elementor-element-75fc9ef elementor-section-stretched elementor-section-boxed elementor-section-height-default elementor-section-height-default\" data-id=\"75fc9ef\" data-element_type=\"section\" data-settings=\"{&quot;stretch_section&quot;:&quot;section-stretched&quot;}\">\n\t\t\t\t\t\t<div class=\"elementor-container elementor-column-gap-default\">\n\t\t\t\t\t<div class=\"elementor-column elementor-col-100 elementor-top-column elementor-element elementor-element-3b19bcc\" data-id=\"3b19bcc\" data-element_type=\"column\">\n\t\t\t<div class=\"elementor-widget-wrap elementor-element-populated\">\n\t\t\t\t\t\t<div class=\"elementor-element elementor-element-903d255 elementor-widget elementor-widget-heading\" data-id=\"903d255\" data-element_type=\"widget\" data-widget_type=\"heading.default\">\n\t\t\t\t<div class=\"elementor-widget-container\">\n\t\t\t\t\t<h2 class=\"elementor-heading-title elementor-size-default\">Velkommen til Vester\u00e5g\u00e5rd<\/h2>\t\t\t\t<\/div>\n\t\t\t\t<\/div>\n\t\t\t\t\t<\/div>\n\t\t<\/div>\n\t\t\t\t\t<\/div>\n\t\t<\/section>\n\t\t\t\t<section class=\"elementor-section elementor-top-section elementor-element elementor-element-e4b5d3e elementor-section-boxed elementor-section-height-default elementor-section-height-default\" data-id=\"e4b5d3e\" data-element_type=\"section\">\n\t\t\t\t\t\t<div class=\"elementor-container elementor-column-gap-default\">\n\t\t\t\t\t<div class=\"elementor-column elementor-col-100 elementor-top-column elementor-element elementor-element-ae84b88\" data-id=\"ae84b88\" data-element_type=\"column\">\n\t\t\t<div class=\"elementor-widget-wrap elementor-element-populated\">\n\t\t\t\t\t\t<div class=\"elementor-element elementor-element-b116e3f elementor-widget elementor-widget-text-editor\" data-id=\"b116e3f\" data-element_type=\"widget\" data-widget_type=\"text-editor.default\">\n\t\t\t\t<div class=\"elementor-widget-container\">\n\t\t\t\t\t\t\t\t\t<p>Vi er et lille landbrug i Vendsyssel med Gotlandske f\u00e5r<br>Du kan l\u00e6se mere om os p\u00e5 vores facebookside<\/p>\t\t\t\t\t\t\t\t<\/div>\n\t\t\t\t<\/div>\n\t\t\t\t\t<\/div>\n\t\t<\/div>\n\t\t\t\t\t<\/div>\n\t\t<\/section>\n\t\t\t\t<\/div>\n\t\t","protected":false},"excerpt":{"rendered":"<p>Velkommen til Vester\u00e5g\u00e5rd Vi er et lille landbrug i Vendsyssel med Gotlandske f\u00e5rDu kan l\u00e6se mere om os p\u00e5 vores facebookside<\/p>\n","protected":false},"author":1,"featured_media":0,"parent":0,"menu_order":0,"comment_status":"closed","ping_status":"closed","template":"","meta":{"inline_featured_image":false,"footnotes":""},"class_list":["post-166","page","type-page","status-publish","hentry"],"_links":{"self":[{"href":"https:\/\/vesteraagaard.dk\/index.php\/wp-json\/wp\/v2\/pages\/166","targetHints":{"allow":["GET"]}}],"collection":[{"href":"https:\/\/vesteraagaard.dk\/index.php\/wp-json\/wp\/v2\/pages"}],"about":[{"href":"https:\/\/vesteraagaard.dk\/index.php\/wp-json\/wp\/v2\/types\/page"}],"author":[{"embeddable":true,"href":"https:\/\/vesteraagaard.dk\/index.php\/wp-json\/wp\/v2\/users\/1"}],"replies":[{"embeddable":true,"href":"https:\/\/vesteraagaard.dk\/index.php\/wp-json\/wp\/v2\/comments?post=166"}],"version-history":[{"count":23,"href":"https:\/\/vesteraagaard.dk\/index.php\/wp-json\/wp\/v2\/pages\/166\/revisions"}],"predecessor-version":[{"id":203,"href":"https:\/\/vesteraagaard.dk\/index.php\/wp-json\/wp\/v2\/pages\/166\/revisions\/203"}],"wp:attachment":[{"href":"https:\/\/vesteraagaard.dk\/index.php\/wp-json\/wp\/v2\/media?parent=166"}],"curies":[{"name":"wp","href":"https:\/\/api.w.org\/{rel}","templated":true}]}}